{"id":4467,"date":"2017-11-27T12:34:34","date_gmt":"2017-11-27T12:34:34","guid":{"rendered":"https:\/\/aprobo.com\/miljo\/"},"modified":"2023-04-27T14:47:11","modified_gmt":"2023-04-27T14:47:11","slug":"miljo","status":"publish","type":"page","link":"https:\/\/aprobo.com\/no\/miljo\/","title":{"rendered":"Milj\u00f8"},"content":{"rendered":"<p>Milj\u00f8 er et veldig diffust ord som kan defineres forskjellig avhengig av konteksten det opptrer i. Som bedrift kan milj\u00f8siden v\u00e6re stedet hvor man viser seg litt frem og viser frem det man jobber ekstra hardt med, men det er ogs\u00e5 et sted \u00e5 tenke og unders\u00f8ke seg selv. Hvordan bidrar vi? Hva betyr v\u00e5r virksomhet for helse og milj\u00f8?<\/p>\n<p>Vi er selvf\u00f8lgelig oppf\u00f8rt og godkjent p\u00e5 Svanen, SundaHus, Byggvarubedomningen og Basta. Les mer nedenfor.<\/p>\n","protected":false},"excerpt":{"rendered":"Milj\u00f8 er et veldig diffust ord som kan defineres forskjellig avhengig av konteksten det opptrer i. Som bedrift kan milj\u00f8siden v\u00e6re stedet hvor man viser seg litt frem og viser frem det man jobber ekstra hardt med, men det er ogs\u00e5 et sted \u00e5 tenke og unders\u00f8ke seg selv. Hvordan bidrar vi? Hva betyr v\u00e5r&#8230; <a class=\"view-article\" href=\"https:\/\/aprobo.com\/no\/miljo\/\">View Article<\/a>","protected":false},"author":1,"featured_media":0,"parent":0,"menu_order":0,"comment_status":"closed","ping_status":"closed","template":"environment-template.php","meta":{"_crdt_document":"","om_disable_all_campaigns":false,"_monsterinsights_skip_tracking":false,"_monsterinsights_sitenote_active":false,"_monsterinsights_sitenote_note":"","_monsterinsights_sitenote_category":0,"footnotes":""},"class_list":["post-4467","page","type-page","status-publish","hentry"],"yoast_head":"<!-- This site is optimized with the Yoast SEO plugin v27.3 - https:\/\/yoast.com\/product\/yoast-seo-wordpress\/ -->\n<title>Milj\u00f8 | Aprobo<\/title>\n<meta name=\"description\" content=\"Milj\u00f8 | Hos Aprobo hittar du det mesta inom akustikgolv, textila golv och massiva tr\u00e4golv f\u00f6r kontor och offentliga milj\u00f6er.\" \/>\n<meta name=\"robots\" content=\"index, follow, max-snippet:-1, max-image-preview:large, max-video-preview:-1\" \/>\n<meta property=\"og:locale\" content=\"nb_NO\" \/>\n<meta property=\"og:type\" content=\"article\" \/>\n<meta property=\"og:title\" content=\"Milj\u00f8 | Aprobo\" \/>\n<meta property=\"og:description\" content=\"Milj\u00f8 | Hos Aprobo hittar du det mesta inom akustikgolv, textila golv och massiva tr\u00e4golv f\u00f6r kontor och offentliga milj\u00f6er.\" \/>\n<meta property=\"og:url\" content=\"https:\/\/aprobo.com\/miljo\/\" \/>\n<meta property=\"og:site_name\" content=\"Aprobo\" \/>\n<meta property=\"article:publisher\" content=\"https:\/\/www.facebook.com\/AproboAB\/\" \/>\n<meta property=\"article:modified_time\" content=\"2023-04-27T14:47:11+00:00\" \/>\n<meta name=\"twitter:card\" content=\"summary_large_image\" \/>\n<meta name=\"twitter:label1\" content=\"Ansl. lesetid\" \/>\n\t<meta name=\"twitter:data1\" content=\"1 minutt\" \/>\n<script type=\"application\/ld+json\" class=\"yoast-schema-graph\">{\"@context\":\"https:\\\/\\\/schema.org\",\"@graph\":[{\"@type\":\"WebPage\",\"@id\":\"https:\\\/\\\/aprobo.com\\\/miljo\\\/\",\"url\":\"https:\\\/\\\/aprobo.com\\\/miljo\\\/\",\"name\":\"Milj\u00f8 | Aprobo\",\"isPartOf\":{\"@id\":\"https:\\\/\\\/aprobo.com\\\/#website\"},\"datePublished\":\"2017-11-27T12:34:34+00:00\",\"dateModified\":\"2023-04-27T14:47:11+00:00\",\"description\":\"Milj\u00f8 | Hos Aprobo hittar du det mesta inom akustikgolv, textila golv och massiva tr\u00e4golv f\u00f6r kontor och offentliga milj\u00f6er.\",\"breadcrumb\":{\"@id\":\"https:\\\/\\\/aprobo.com\\\/miljo\\\/#breadcrumb\"},\"inLanguage\":\"nb-NO\",\"potentialAction\":[{\"@type\":\"ReadAction\",\"target\":[\"https:\\\/\\\/aprobo.com\\\/miljo\\\/\"]}]},{\"@type\":\"BreadcrumbList\",\"@id\":\"https:\\\/\\\/aprobo.com\\\/miljo\\\/#breadcrumb\",\"itemListElement\":[{\"@type\":\"ListItem\",\"position\":1,\"name\":\"Home\",\"item\":\"https:\\\/\\\/aprobo.com\\\/no\\\/\"},{\"@type\":\"ListItem\",\"position\":2,\"name\":\"Milj\u00f8\"}]},{\"@type\":\"WebSite\",\"@id\":\"https:\\\/\\\/aprobo.com\\\/#website\",\"url\":\"https:\\\/\\\/aprobo.com\\\/\",\"name\":\"Aprobo\",\"description\":\"High quality floors\",\"publisher\":{\"@id\":\"https:\\\/\\\/aprobo.com\\\/#organization\"},\"potentialAction\":[{\"@type\":\"SearchAction\",\"target\":{\"@type\":\"EntryPoint\",\"urlTemplate\":\"https:\\\/\\\/aprobo.com\\\/?s={search_term_string}\"},\"query-input\":{\"@type\":\"PropertyValueSpecification\",\"valueRequired\":true,\"valueName\":\"search_term_string\"}}],\"inLanguage\":\"nb-NO\"},{\"@type\":\"Organization\",\"@id\":\"https:\\\/\\\/aprobo.com\\\/#organization\",\"name\":\"Aprobo AB\",\"url\":\"https:\\\/\\\/aprobo.com\\\/\",\"logo\":{\"@type\":\"ImageObject\",\"inLanguage\":\"nb-NO\",\"@id\":\"https:\\\/\\\/aprobo.com\\\/#\\\/schema\\\/logo\\\/image\\\/\",\"url\":\"https:\\\/\\\/aprobo.com\\\/wp-content\\\/uploads\\\/2019\\\/08\\\/Aprobo-logotyp.png\",\"contentUrl\":\"https:\\\/\\\/aprobo.com\\\/wp-content\\\/uploads\\\/2019\\\/08\\\/Aprobo-logotyp.png\",\"width\":638,\"height\":300,\"caption\":\"Aprobo AB\"},\"image\":{\"@id\":\"https:\\\/\\\/aprobo.com\\\/#\\\/schema\\\/logo\\\/image\\\/\"},\"sameAs\":[\"https:\\\/\\\/www.facebook.com\\\/AproboAB\\\/\",\"https:\\\/\\\/instagram.com\\\/aproboab\\\/\",\"https:\\\/\\\/www.youtube.com\\\/channel\\\/UCPivgiorLapgzzQ2-8fsfig\"]}]}<\/script>\n<!-- \/ Yoast SEO plugin. -->","yoast_head_json":{"title":"Milj\u00f8 | Aprobo","description":"Milj\u00f8 | Hos Aprobo hittar du det mesta inom akustikgolv, textila golv och massiva tr\u00e4golv f\u00f6r kontor och offentliga milj\u00f6er.","robots":{"index":"index","follow":"follow","max-snippet":"max-snippet:-1","max-image-preview":"max-image-preview:large","max-video-preview":"max-video-preview:-1"},"og_locale":"nb_NO","og_type":"article","og_title":"Milj\u00f8 | Aprobo","og_description":"Milj\u00f8 | Hos Aprobo hittar du det mesta inom akustikgolv, textila golv och massiva tr\u00e4golv f\u00f6r kontor och offentliga milj\u00f6er.","og_url":"https:\/\/aprobo.com\/miljo\/","og_site_name":"Aprobo","article_publisher":"https:\/\/www.facebook.com\/AproboAB\/","article_modified_time":"2023-04-27T14:47:11+00:00","twitter_card":"summary_large_image","twitter_misc":{"Ansl. lesetid":"1 minutt"},"schema":{"@context":"https:\/\/schema.org","@graph":[{"@type":"WebPage","@id":"https:\/\/aprobo.com\/miljo\/","url":"https:\/\/aprobo.com\/miljo\/","name":"Milj\u00f8 | Aprobo","isPartOf":{"@id":"https:\/\/aprobo.com\/#website"},"datePublished":"2017-11-27T12:34:34+00:00","dateModified":"2023-04-27T14:47:11+00:00","description":"Milj\u00f8 | Hos Aprobo hittar du det mesta inom akustikgolv, textila golv och massiva tr\u00e4golv f\u00f6r kontor och offentliga milj\u00f6er.","breadcrumb":{"@id":"https:\/\/aprobo.com\/miljo\/#breadcrumb"},"inLanguage":"nb-NO","potentialAction":[{"@type":"ReadAction","target":["https:\/\/aprobo.com\/miljo\/"]}]},{"@type":"BreadcrumbList","@id":"https:\/\/aprobo.com\/miljo\/#breadcrumb","itemListElement":[{"@type":"ListItem","position":1,"name":"Home","item":"https:\/\/aprobo.com\/no\/"},{"@type":"ListItem","position":2,"name":"Milj\u00f8"}]},{"@type":"WebSite","@id":"https:\/\/aprobo.com\/#website","url":"https:\/\/aprobo.com\/","name":"Aprobo","description":"High quality floors","publisher":{"@id":"https:\/\/aprobo.com\/#organization"},"potentialAction":[{"@type":"SearchAction","target":{"@type":"EntryPoint","urlTemplate":"https:\/\/aprobo.com\/?s={search_term_string}"},"query-input":{"@type":"PropertyValueSpecification","valueRequired":true,"valueName":"search_term_string"}}],"inLanguage":"nb-NO"},{"@type":"Organization","@id":"https:\/\/aprobo.com\/#organization","name":"Aprobo AB","url":"https:\/\/aprobo.com\/","logo":{"@type":"ImageObject","inLanguage":"nb-NO","@id":"https:\/\/aprobo.com\/#\/schema\/logo\/image\/","url":"https:\/\/aprobo.com\/wp-content\/uploads\/2019\/08\/Aprobo-logotyp.png","contentUrl":"https:\/\/aprobo.com\/wp-content\/uploads\/2019\/08\/Aprobo-logotyp.png","width":638,"height":300,"caption":"Aprobo AB"},"image":{"@id":"https:\/\/aprobo.com\/#\/schema\/logo\/image\/"},"sameAs":["https:\/\/www.facebook.com\/AproboAB\/","https:\/\/instagram.com\/aproboab\/","https:\/\/www.youtube.com\/channel\/UCPivgiorLapgzzQ2-8fsfig"]}]}},"_links":{"self":[{"href":"https:\/\/aprobo.com\/no\/wp-json\/wp\/v2\/pages\/4467","targetHints":{"allow":["GET"]}}],"collection":[{"href":"https:\/\/aprobo.com\/no\/wp-json\/wp\/v2\/pages"}],"about":[{"href":"https:\/\/aprobo.com\/no\/wp-json\/wp\/v2\/types\/page"}],"author":[{"embeddable":true,"href":"https:\/\/aprobo.com\/no\/wp-json\/wp\/v2\/users\/1"}],"replies":[{"embeddable":true,"href":"https:\/\/aprobo.com\/no\/wp-json\/wp\/v2\/comments?post=4467"}],"version-history":[{"count":0,"href":"https:\/\/aprobo.com\/no\/wp-json\/wp\/v2\/pages\/4467\/revisions"}],"wp:attachment":[{"href":"https:\/\/aprobo.com\/no\/wp-json\/wp\/v2\/media?parent=4467"}],"curies":[{"name":"wp","href":"https:\/\/api.w.org\/{rel}","templated":true}]}}