{"id":4716,"date":"2022-09-13T15:09:48","date_gmt":"2022-09-13T15:09:48","guid":{"rendered":"https:\/\/aprobo.com\/product\/limspreder\/"},"modified":"2023-05-02T14:15:24","modified_gmt":"2023-05-02T14:15:24","slug":"glue-spreader","status":"publish","type":"product","link":"https:\/\/aprobo.com\/en\/product\/glue-spreader\/","title":{"rendered":"Limspridare"},"content":{"rendered":"","protected":false},"excerpt":{"rendered":"","protected":false},"author":2,"featured_media":0,"menu_order":0,"comment_status":"open","ping_status":"open","template":"product-template.php","format":"standard","meta":{"_crdt_document":"","om_disable_all_campaigns":false,"_monsterinsights_skip_tracking":false,"_monsterinsights_sitenote_active":false,"_monsterinsights_sitenote_note":"","_monsterinsights_sitenote_category":0,"footnotes":""},"class_list":["post-4716","product","type-product","status-publish","format-standard","hentry"],"yoast_head":"<!-- This site is optimized with the Yoast SEO plugin v27.3 - https:\/\/yoast.com\/product\/yoast-seo-wordpress\/ -->\n<title>Limspridare | Aprobo<\/title>\n<meta name=\"description\" content=\"Limspridare | Hos Aprobo hittar du det mesta inom akustikgolv, textila golv och massiva tr\u00e4golv f\u00f6r kontor och offentliga milj\u00f6er.\" \/>\n<meta name=\"robots\" content=\"index, follow, max-snippet:-1, max-image-preview:large, max-video-preview:-1\" \/>\n<meta property=\"og:locale\" content=\"en_US\" \/>\n<meta property=\"og:type\" content=\"article\" \/>\n<meta property=\"og:title\" content=\"Limspridare | Aprobo\" \/>\n<meta property=\"og:description\" content=\"Limspridare | Hos Aprobo hittar du det mesta inom akustikgolv, textila golv och massiva tr\u00e4golv f\u00f6r kontor och offentliga milj\u00f6er.\" \/>\n<meta property=\"og:url\" content=\"https:\/\/aprobo.com\/en\/product\/glue-spreader\/\" \/>\n<meta property=\"og:site_name\" content=\"Aprobo\" \/>\n<meta property=\"article:publisher\" content=\"https:\/\/www.facebook.com\/AproboAB\/\" \/>\n<meta property=\"article:modified_time\" content=\"2023-05-02T14:15:24+00:00\" \/>\n<meta name=\"twitter:card\" content=\"summary_large_image\" \/>\n<script type=\"application\/ld+json\" class=\"yoast-schema-graph\">{\"@context\":\"https:\\\/\\\/schema.org\",\"@graph\":[{\"@type\":\"WebPage\",\"@id\":\"https:\\\/\\\/aprobo.com\\\/en\\\/product\\\/glue-spreader\\\/\",\"url\":\"https:\\\/\\\/aprobo.com\\\/en\\\/product\\\/glue-spreader\\\/\",\"name\":\"Limspridare | Aprobo\",\"isPartOf\":{\"@id\":\"https:\\\/\\\/aprobo.com\\\/#website\"},\"datePublished\":\"2022-09-13T15:09:48+00:00\",\"dateModified\":\"2023-05-02T14:15:24+00:00\",\"description\":\"Limspridare | Hos Aprobo hittar du det mesta inom akustikgolv, textila golv och massiva tr\u00e4golv f\u00f6r kontor och offentliga milj\u00f6er.\",\"breadcrumb\":{\"@id\":\"https:\\\/\\\/aprobo.com\\\/en\\\/product\\\/glue-spreader\\\/#breadcrumb\"},\"inLanguage\":\"en-US\",\"potentialAction\":[{\"@type\":\"ReadAction\",\"target\":[\"https:\\\/\\\/aprobo.com\\\/en\\\/product\\\/glue-spreader\\\/\"]}]},{\"@type\":\"BreadcrumbList\",\"@id\":\"https:\\\/\\\/aprobo.com\\\/en\\\/product\\\/glue-spreader\\\/#breadcrumb\",\"itemListElement\":[{\"@type\":\"ListItem\",\"position\":1,\"name\":\"Home\",\"item\":\"https:\\\/\\\/aprobo.com\\\/en\\\/\"},{\"@type\":\"ListItem\",\"position\":2,\"name\":\"Produkt\",\"item\":\"https:\\\/\\\/aprobo.com\\\/product\\\/\"},{\"@type\":\"ListItem\",\"position\":3,\"name\":\"Limspridare\"}]},{\"@type\":\"WebSite\",\"@id\":\"https:\\\/\\\/aprobo.com\\\/#website\",\"url\":\"https:\\\/\\\/aprobo.com\\\/\",\"name\":\"Aprobo\",\"description\":\"High quality floors\",\"publisher\":{\"@id\":\"https:\\\/\\\/aprobo.com\\\/#organization\"},\"potentialAction\":[{\"@type\":\"SearchAction\",\"target\":{\"@type\":\"EntryPoint\",\"urlTemplate\":\"https:\\\/\\\/aprobo.com\\\/?s={search_term_string}\"},\"query-input\":{\"@type\":\"PropertyValueSpecification\",\"valueRequired\":true,\"valueName\":\"search_term_string\"}}],\"inLanguage\":\"en-US\"},{\"@type\":\"Organization\",\"@id\":\"https:\\\/\\\/aprobo.com\\\/#organization\",\"name\":\"Aprobo AB\",\"url\":\"https:\\\/\\\/aprobo.com\\\/\",\"logo\":{\"@type\":\"ImageObject\",\"inLanguage\":\"en-US\",\"@id\":\"https:\\\/\\\/aprobo.com\\\/#\\\/schema\\\/logo\\\/image\\\/\",\"url\":\"https:\\\/\\\/aprobo.com\\\/wp-content\\\/uploads\\\/2019\\\/08\\\/Aprobo-logotyp.png\",\"contentUrl\":\"https:\\\/\\\/aprobo.com\\\/wp-content\\\/uploads\\\/2019\\\/08\\\/Aprobo-logotyp.png\",\"width\":638,\"height\":300,\"caption\":\"Aprobo AB\"},\"image\":{\"@id\":\"https:\\\/\\\/aprobo.com\\\/#\\\/schema\\\/logo\\\/image\\\/\"},\"sameAs\":[\"https:\\\/\\\/www.facebook.com\\\/AproboAB\\\/\",\"https:\\\/\\\/instagram.com\\\/aproboab\\\/\",\"https:\\\/\\\/www.youtube.com\\\/channel\\\/UCPivgiorLapgzzQ2-8fsfig\"]}]}<\/script>\n<!-- \/ Yoast SEO plugin. -->","yoast_head_json":{"title":"Limspridare | Aprobo","description":"Limspridare | Hos Aprobo hittar du det mesta inom akustikgolv, textila golv och massiva tr\u00e4golv f\u00f6r kontor och offentliga milj\u00f6er.","robots":{"index":"index","follow":"follow","max-snippet":"max-snippet:-1","max-image-preview":"max-image-preview:large","max-video-preview":"max-video-preview:-1"},"og_locale":"en_US","og_type":"article","og_title":"Limspridare | Aprobo","og_description":"Limspridare | Hos Aprobo hittar du det mesta inom akustikgolv, textila golv och massiva tr\u00e4golv f\u00f6r kontor och offentliga milj\u00f6er.","og_url":"https:\/\/aprobo.com\/en\/product\/glue-spreader\/","og_site_name":"Aprobo","article_publisher":"https:\/\/www.facebook.com\/AproboAB\/","article_modified_time":"2023-05-02T14:15:24+00:00","twitter_card":"summary_large_image","schema":{"@context":"https:\/\/schema.org","@graph":[{"@type":"WebPage","@id":"https:\/\/aprobo.com\/en\/product\/glue-spreader\/","url":"https:\/\/aprobo.com\/en\/product\/glue-spreader\/","name":"Limspridare | Aprobo","isPartOf":{"@id":"https:\/\/aprobo.com\/#website"},"datePublished":"2022-09-13T15:09:48+00:00","dateModified":"2023-05-02T14:15:24+00:00","description":"Limspridare | Hos Aprobo hittar du det mesta inom akustikgolv, textila golv och massiva tr\u00e4golv f\u00f6r kontor och offentliga milj\u00f6er.","breadcrumb":{"@id":"https:\/\/aprobo.com\/en\/product\/glue-spreader\/#breadcrumb"},"inLanguage":"en-US","potentialAction":[{"@type":"ReadAction","target":["https:\/\/aprobo.com\/en\/product\/glue-spreader\/"]}]},{"@type":"BreadcrumbList","@id":"https:\/\/aprobo.com\/en\/product\/glue-spreader\/#breadcrumb","itemListElement":[{"@type":"ListItem","position":1,"name":"Home","item":"https:\/\/aprobo.com\/en\/"},{"@type":"ListItem","position":2,"name":"Produkt","item":"https:\/\/aprobo.com\/product\/"},{"@type":"ListItem","position":3,"name":"Limspridare"}]},{"@type":"WebSite","@id":"https:\/\/aprobo.com\/#website","url":"https:\/\/aprobo.com\/","name":"Aprobo","description":"High quality floors","publisher":{"@id":"https:\/\/aprobo.com\/#organization"},"potentialAction":[{"@type":"SearchAction","target":{"@type":"EntryPoint","urlTemplate":"https:\/\/aprobo.com\/?s={search_term_string}"},"query-input":{"@type":"PropertyValueSpecification","valueRequired":true,"valueName":"search_term_string"}}],"inLanguage":"en-US"},{"@type":"Organization","@id":"https:\/\/aprobo.com\/#organization","name":"Aprobo AB","url":"https:\/\/aprobo.com\/","logo":{"@type":"ImageObject","inLanguage":"en-US","@id":"https:\/\/aprobo.com\/#\/schema\/logo\/image\/","url":"https:\/\/aprobo.com\/wp-content\/uploads\/2019\/08\/Aprobo-logotyp.png","contentUrl":"https:\/\/aprobo.com\/wp-content\/uploads\/2019\/08\/Aprobo-logotyp.png","width":638,"height":300,"caption":"Aprobo AB"},"image":{"@id":"https:\/\/aprobo.com\/#\/schema\/logo\/image\/"},"sameAs":["https:\/\/www.facebook.com\/AproboAB\/","https:\/\/instagram.com\/aproboab\/","https:\/\/www.youtube.com\/channel\/UCPivgiorLapgzzQ2-8fsfig"]}]}},"_links":{"self":[{"href":"https:\/\/aprobo.com\/en\/wp-json\/wp\/v2\/product\/4716","targetHints":{"allow":["GET"]}}],"collection":[{"href":"https:\/\/aprobo.com\/en\/wp-json\/wp\/v2\/product"}],"about":[{"href":"https:\/\/aprobo.com\/en\/wp-json\/wp\/v2\/types\/product"}],"author":[{"embeddable":true,"href":"https:\/\/aprobo.com\/en\/wp-json\/wp\/v2\/users\/2"}],"replies":[{"embeddable":true,"href":"https:\/\/aprobo.com\/en\/wp-json\/wp\/v2\/comments?post=4716"}],"version-history":[{"count":0,"href":"https:\/\/aprobo.com\/en\/wp-json\/wp\/v2\/product\/4716\/revisions"}],"wp:attachment":[{"href":"https:\/\/aprobo.com\/en\/wp-json\/wp\/v2\/media?parent=4716"}],"curies":[{"name":"wp","href":"https:\/\/api.w.org\/{rel}","templated":true}]}}