{"id":2201,"date":"2017-11-14T13:17:01","date_gmt":"2017-11-14T13:17:01","guid":{"rendered":"https:\/\/aprobo.com\/startsida\/"},"modified":"2024-01-31T12:08:15","modified_gmt":"2024-01-31T12:08:15","slug":"startsida","status":"publish","type":"page","link":"https:\/\/aprobo.com\/en\/","title":{"rendered":"Startsida"},"content":{"rendered":"\t\t<div data-elementor-type=\"wp-page\" data-elementor-id=\"2201\" class=\"elementor elementor-2201\" data-elementor-post-type=\"page\">\n\t\t\t\t<div class=\"elementor-element elementor-element-496ddbc e-flex e-con-boxed e-con e-parent\" data-id=\"496ddbc\" data-element_type=\"container\" data-e-type=\"container\">\n\t\t\t\t\t<div class=\"e-con-inner\">\n\t\t\t\t<div class=\"elementor-element elementor-element-79ea151 elementor-widget elementor-widget-spacer\" data-id=\"79ea151\" data-element_type=\"widget\" data-e-type=\"widget\" data-widget_type=\"spacer.default\">\n\t\t\t\t<div class=\"elementor-widget-container\">\n\t\t\t\t\t\t\t<div class=\"elementor-spacer\">\n\t\t\t<div class=\"elementor-spacer-inner\"><\/div>\n\t\t<\/div>\n\t\t\t\t\t\t<\/div>\n\t\t\t\t<\/div>\n\t\t\t\t<div class=\"elementor-element elementor-element-b2c2a1c elementor-align-center elementor-widget elementor-widget-lottie\" data-id=\"b2c2a1c\" data-element_type=\"widget\" data-e-type=\"widget\" data-settings=\"{&quot;source_json&quot;:{&quot;url&quot;:&quot;https:\\\/\\\/aprobo.com\\\/wp-content\\\/uploads\\\/2023\\\/08\\\/HMjfUH4lDO.json&quot;,&quot;id&quot;:5128,&quot;size&quot;:&quot;&quot;,&quot;alt&quot;:&quot;&quot;,&quot;source&quot;:&quot;library&quot;},&quot;loop&quot;:&quot;yes&quot;,&quot;renderer&quot;:&quot;canvas&quot;,&quot;source&quot;:&quot;media_file&quot;,&quot;caption_source&quot;:&quot;none&quot;,&quot;link_to&quot;:&quot;none&quot;,&quot;trigger&quot;:&quot;arriving_to_viewport&quot;,&quot;viewport&quot;:{&quot;unit&quot;:&quot;%&quot;,&quot;size&quot;:&quot;&quot;,&quot;sizes&quot;:{&quot;start&quot;:0,&quot;end&quot;:100}},&quot;play_speed&quot;:{&quot;unit&quot;:&quot;px&quot;,&quot;size&quot;:1,&quot;sizes&quot;:[]},&quot;start_point&quot;:{&quot;unit&quot;:&quot;%&quot;,&quot;size&quot;:0,&quot;sizes&quot;:[]},&quot;end_point&quot;:{&quot;unit&quot;:&quot;%&quot;,&quot;size&quot;:100,&quot;sizes&quot;:[]}}\" data-widget_type=\"lottie.default\">\n\t\t\t\t<div class=\"elementor-widget-container\">\n\t\t\t\t\t<div class=\"e-lottie__container\"><div class=\"e-lottie__animation\"><\/div><\/div>\t\t\t\t<\/div>\n\t\t\t\t<\/div>\n\t\t\t\t\t<\/div>\n\t\t\t\t<\/div>\n\t\t<div class=\"elementor-element elementor-element-8fc0ba6 e-flex e-con-boxed e-con e-parent\" data-id=\"8fc0ba6\" data-element_type=\"container\" data-e-type=\"container\">\n\t\t\t\t\t<div class=\"e-con-inner\">\n\t\t\t\t<div class=\"elementor-element elementor-element-c329796 elementor-widget elementor-widget-html\" data-id=\"c329796\" data-element_type=\"widget\" data-e-type=\"widget\" data-widget_type=\"html.default\">\n\t\t\t\t<div class=\"elementor-widget-container\">\n\t\t\t\t\t<div class=\"lipscore-service-review-testimonial\"\r\n    data-ls-widget-height=\"150px\"\r\n    data-ls-widget-width=\"100%\">\r\n<\/div>\t\t\t\t<\/div>\n\t\t\t\t<\/div>\n\t\t\t\t<div class=\"elementor-element elementor-element-198e901 elementor-widget elementor-widget-spacer\" data-id=\"198e901\" data-element_type=\"widget\" data-e-type=\"widget\" data-widget_type=\"spacer.default\">\n\t\t\t\t<div class=\"elementor-widget-container\">\n\t\t\t\t\t\t\t<div class=\"elementor-spacer\">\n\t\t\t<div class=\"elementor-spacer-inner\"><\/div>\n\t\t<\/div>\n\t\t\t\t\t\t<\/div>\n\t\t\t\t<\/div>\n\t\t\t\t\t<\/div>\n\t\t\t\t<\/div>\n\t\t\t\t<\/div>\n\t\t","protected":false},"excerpt":{"rendered":"","protected":false},"author":1,"featured_media":0,"parent":0,"menu_order":0,"comment_status":"closed","ping_status":"closed","template":"landing-page.php","meta":{"_crdt_document":"","om_disable_all_campaigns":false,"_monsterinsights_skip_tracking":false,"_monsterinsights_sitenote_active":false,"_monsterinsights_sitenote_note":"","_monsterinsights_sitenote_category":0,"footnotes":""},"class_list":["post-2201","page","type-page","status-publish","hentry"],"yoast_head":"<!-- This site is optimized with the Yoast SEO plugin v27.3 - https:\/\/yoast.com\/product\/yoast-seo-wordpress\/ -->\n<title>Aprobo - High quality floors<\/title>\n<meta name=\"description\" content=\"Startsida | Hos Aprobo hittar du det mesta inom akustikgolv, textila golv och massiva tr\u00e4golv f\u00f6r kontor och offentliga milj\u00f6er.\" \/>\n<meta name=\"robots\" content=\"index, follow, max-snippet:-1, max-image-preview:large, max-video-preview:-1\" \/>\n<meta property=\"og:locale\" content=\"en_US\" \/>\n<meta property=\"og:type\" content=\"article\" \/>\n<meta property=\"og:title\" content=\"Aprobo - High quality floors\" \/>\n<meta property=\"og:description\" content=\"Startsida | Hos Aprobo hittar du det mesta inom akustikgolv, textila golv och massiva tr\u00e4golv f\u00f6r kontor och offentliga milj\u00f6er.\" \/>\n<meta property=\"og:url\" content=\"https:\/\/aprobo.com\/en\/\" \/>\n<meta property=\"og:site_name\" content=\"Aprobo\" \/>\n<meta property=\"article:publisher\" content=\"https:\/\/www.facebook.com\/AproboAB\/\" \/>\n<meta property=\"article:modified_time\" content=\"2024-01-31T12:08:15+00:00\" \/>\n<meta name=\"twitter:card\" content=\"summary_large_image\" \/>\n<script type=\"application\/ld+json\" class=\"yoast-schema-graph\">{\"@context\":\"https:\\\/\\\/schema.org\",\"@graph\":[{\"@type\":\"WebPage\",\"@id\":\"https:\\\/\\\/aprobo.com\\\/en\\\/\",\"url\":\"https:\\\/\\\/aprobo.com\\\/en\\\/\",\"name\":\"Aprobo - High quality floors\",\"isPartOf\":{\"@id\":\"https:\\\/\\\/aprobo.com\\\/#website\"},\"datePublished\":\"2017-11-14T13:17:01+00:00\",\"dateModified\":\"2024-01-31T12:08:15+00:00\",\"description\":\"Startsida | Hos Aprobo hittar du det mesta inom akustikgolv, textila golv och massiva tr\u00e4golv f\u00f6r kontor och offentliga milj\u00f6er.\",\"breadcrumb\":{\"@id\":\"https:\\\/\\\/aprobo.com\\\/en\\\/#breadcrumb\"},\"inLanguage\":\"en-US\",\"potentialAction\":[{\"@type\":\"ReadAction\",\"target\":[\"https:\\\/\\\/aprobo.com\\\/en\\\/\"]}]},{\"@type\":\"BreadcrumbList\",\"@id\":\"https:\\\/\\\/aprobo.com\\\/en\\\/#breadcrumb\",\"itemListElement\":[{\"@type\":\"ListItem\",\"position\":1,\"name\":\"Home\",\"item\":\"https:\\\/\\\/aprobo.com\\\/en\\\/\"},{\"@type\":\"ListItem\",\"position\":2,\"name\":\"Startsida\"}]},{\"@type\":\"WebSite\",\"@id\":\"https:\\\/\\\/aprobo.com\\\/#website\",\"url\":\"https:\\\/\\\/aprobo.com\\\/\",\"name\":\"Aprobo\",\"description\":\"High quality floors\",\"publisher\":{\"@id\":\"https:\\\/\\\/aprobo.com\\\/#organization\"},\"potentialAction\":[{\"@type\":\"SearchAction\",\"target\":{\"@type\":\"EntryPoint\",\"urlTemplate\":\"https:\\\/\\\/aprobo.com\\\/?s={search_term_string}\"},\"query-input\":{\"@type\":\"PropertyValueSpecification\",\"valueRequired\":true,\"valueName\":\"search_term_string\"}}],\"inLanguage\":\"en-US\"},{\"@type\":\"Organization\",\"@id\":\"https:\\\/\\\/aprobo.com\\\/#organization\",\"name\":\"Aprobo AB\",\"url\":\"https:\\\/\\\/aprobo.com\\\/\",\"logo\":{\"@type\":\"ImageObject\",\"inLanguage\":\"en-US\",\"@id\":\"https:\\\/\\\/aprobo.com\\\/#\\\/schema\\\/logo\\\/image\\\/\",\"url\":\"https:\\\/\\\/aprobo.com\\\/wp-content\\\/uploads\\\/2019\\\/08\\\/Aprobo-logotyp.png\",\"contentUrl\":\"https:\\\/\\\/aprobo.com\\\/wp-content\\\/uploads\\\/2019\\\/08\\\/Aprobo-logotyp.png\",\"width\":638,\"height\":300,\"caption\":\"Aprobo AB\"},\"image\":{\"@id\":\"https:\\\/\\\/aprobo.com\\\/#\\\/schema\\\/logo\\\/image\\\/\"},\"sameAs\":[\"https:\\\/\\\/www.facebook.com\\\/AproboAB\\\/\",\"https:\\\/\\\/instagram.com\\\/aproboab\\\/\",\"https:\\\/\\\/www.youtube.com\\\/channel\\\/UCPivgiorLapgzzQ2-8fsfig\"]}]}<\/script>\n<!-- \/ Yoast SEO plugin. -->","yoast_head_json":{"title":"Aprobo - High quality floors","description":"Startsida | Hos Aprobo hittar du det mesta inom akustikgolv, textila golv och massiva tr\u00e4golv f\u00f6r kontor och offentliga milj\u00f6er.","robots":{"index":"index","follow":"follow","max-snippet":"max-snippet:-1","max-image-preview":"max-image-preview:large","max-video-preview":"max-video-preview:-1"},"og_locale":"en_US","og_type":"article","og_title":"Aprobo - High quality floors","og_description":"Startsida | Hos Aprobo hittar du det mesta inom akustikgolv, textila golv och massiva tr\u00e4golv f\u00f6r kontor och offentliga milj\u00f6er.","og_url":"https:\/\/aprobo.com\/en\/","og_site_name":"Aprobo","article_publisher":"https:\/\/www.facebook.com\/AproboAB\/","article_modified_time":"2024-01-31T12:08:15+00:00","twitter_card":"summary_large_image","schema":{"@context":"https:\/\/schema.org","@graph":[{"@type":"WebPage","@id":"https:\/\/aprobo.com\/en\/","url":"https:\/\/aprobo.com\/en\/","name":"Aprobo - High quality floors","isPartOf":{"@id":"https:\/\/aprobo.com\/#website"},"datePublished":"2017-11-14T13:17:01+00:00","dateModified":"2024-01-31T12:08:15+00:00","description":"Startsida | Hos Aprobo hittar du det mesta inom akustikgolv, textila golv och massiva tr\u00e4golv f\u00f6r kontor och offentliga milj\u00f6er.","breadcrumb":{"@id":"https:\/\/aprobo.com\/en\/#breadcrumb"},"inLanguage":"en-US","potentialAction":[{"@type":"ReadAction","target":["https:\/\/aprobo.com\/en\/"]}]},{"@type":"BreadcrumbList","@id":"https:\/\/aprobo.com\/en\/#breadcrumb","itemListElement":[{"@type":"ListItem","position":1,"name":"Home","item":"https:\/\/aprobo.com\/en\/"},{"@type":"ListItem","position":2,"name":"Startsida"}]},{"@type":"WebSite","@id":"https:\/\/aprobo.com\/#website","url":"https:\/\/aprobo.com\/","name":"Aprobo","description":"High quality floors","publisher":{"@id":"https:\/\/aprobo.com\/#organization"},"potentialAction":[{"@type":"SearchAction","target":{"@type":"EntryPoint","urlTemplate":"https:\/\/aprobo.com\/?s={search_term_string}"},"query-input":{"@type":"PropertyValueSpecification","valueRequired":true,"valueName":"search_term_string"}}],"inLanguage":"en-US"},{"@type":"Organization","@id":"https:\/\/aprobo.com\/#organization","name":"Aprobo AB","url":"https:\/\/aprobo.com\/","logo":{"@type":"ImageObject","inLanguage":"en-US","@id":"https:\/\/aprobo.com\/#\/schema\/logo\/image\/","url":"https:\/\/aprobo.com\/wp-content\/uploads\/2019\/08\/Aprobo-logotyp.png","contentUrl":"https:\/\/aprobo.com\/wp-content\/uploads\/2019\/08\/Aprobo-logotyp.png","width":638,"height":300,"caption":"Aprobo AB"},"image":{"@id":"https:\/\/aprobo.com\/#\/schema\/logo\/image\/"},"sameAs":["https:\/\/www.facebook.com\/AproboAB\/","https:\/\/instagram.com\/aproboab\/","https:\/\/www.youtube.com\/channel\/UCPivgiorLapgzzQ2-8fsfig"]}]}},"_links":{"self":[{"href":"https:\/\/aprobo.com\/en\/wp-json\/wp\/v2\/pages\/2201","targetHints":{"allow":["GET"]}}],"collection":[{"href":"https:\/\/aprobo.com\/en\/wp-json\/wp\/v2\/pages"}],"about":[{"href":"https:\/\/aprobo.com\/en\/wp-json\/wp\/v2\/types\/page"}],"author":[{"embeddable":true,"href":"https:\/\/aprobo.com\/en\/wp-json\/wp\/v2\/users\/1"}],"replies":[{"embeddable":true,"href":"https:\/\/aprobo.com\/en\/wp-json\/wp\/v2\/comments?post=2201"}],"version-history":[{"count":10,"href":"https:\/\/aprobo.com\/en\/wp-json\/wp\/v2\/pages\/2201\/revisions"}],"predecessor-version":[{"id":5848,"href":"https:\/\/aprobo.com\/en\/wp-json\/wp\/v2\/pages\/2201\/revisions\/5848"}],"wp:attachment":[{"href":"https:\/\/aprobo.com\/en\/wp-json\/wp\/v2\/media?parent=2201"}],"curies":[{"name":"wp","href":"https:\/\/api.w.org\/{rel}","templated":true}]}}