{"id":2970,"date":"2017-11-27T12:34:34","date_gmt":"2017-11-27T12:34:34","guid":{"rendered":"https:\/\/aprobo.com\/miljo\/"},"modified":"2025-01-02T15:24:57","modified_gmt":"2025-01-02T15:24:57","slug":"miljo","status":"publish","type":"page","link":"https:\/\/aprobo.com\/da\/miljo\/","title":{"rendered":"Milj\u00f6"},"content":{"rendered":"<p>Milj\u00f8 er et meget vagt ord, der kan defineres forskelligt alt efter, hvilken sammenh\u00e6ng det optr\u00e6der i. Som virksomhed er milj\u00f8siden m\u00e5ske stedet, hvor man er lidt stolt og viser, hvad man arbejder ekstra h\u00e5rdt med, men det er ogs\u00e5 et sted at t\u00e6nke og unders\u00f8ge sig selv. Hvordan bidrager vi? Hvad betyder vores forretning for sundhed og milj\u00f8?<\/p>\n","protected":false},"excerpt":{"rendered":"Milj\u00f8 er et meget vagt ord, der kan defineres forskelligt alt efter, hvilken sammenh\u00e6ng det optr\u00e6der i. Som virksomhed er milj\u00f8siden m\u00e5ske stedet, hvor man er lidt stolt og viser, hvad man arbejder ekstra h\u00e5rdt med, men det er ogs\u00e5 et sted at t\u00e6nke og unders\u00f8ge sig selv. Hvordan bidrager vi? Hvad betyder vores forretning&#8230; <a class=\"view-article\" href=\"https:\/\/aprobo.com\/da\/miljo\/\">Se artikel<\/a>","protected":false},"author":1,"featured_media":0,"parent":0,"menu_order":0,"comment_status":"closed","ping_status":"closed","template":"environment-template.php","meta":{"_crdt_document":"","om_disable_all_campaigns":false,"_monsterinsights_skip_tracking":false,"_monsterinsights_sitenote_active":false,"_monsterinsights_sitenote_note":"","_monsterinsights_sitenote_category":0,"footnotes":""},"class_list":["post-2970","page","type-page","status-publish","hentry"],"yoast_head":"<!-- This site is optimized with the Yoast SEO plugin v27.3 - https:\/\/yoast.com\/product\/yoast-seo-wordpress\/ -->\n<title>Aprobo og milj\u00f8arbejde | Aprobo<\/title>\n<meta name=\"description\" content=\"Aprobo er markedsleder inden for akustikl\u00f8sninger til gulve og gulvkonstruktioner. Kontakt os for mere information!\" \/>\n<meta name=\"robots\" content=\"index, follow, max-snippet:-1, max-image-preview:large, max-video-preview:-1\" \/>\n<meta property=\"og:locale\" content=\"da_DK\" \/>\n<meta property=\"og:type\" content=\"article\" \/>\n<meta property=\"og:title\" content=\"Aprobo og milj\u00f8arbejde | Aprobo\" \/>\n<meta property=\"og:description\" content=\"Aprobo er markedsleder inden for akustikl\u00f8sninger til gulve og gulvkonstruktioner. Kontakt os for mere information!\" \/>\n<meta property=\"og:url\" content=\"https:\/\/aprobo.com\/miljo\/\" \/>\n<meta property=\"og:site_name\" content=\"Aprobo\" \/>\n<meta property=\"article:publisher\" content=\"https:\/\/www.facebook.com\/AproboAB\/\" \/>\n<meta property=\"article:modified_time\" content=\"2025-01-02T15:24:57+00:00\" \/>\n<meta name=\"twitter:card\" content=\"summary_large_image\" \/>\n<meta name=\"twitter:label1\" content=\"Estimeret l\u00e6setid\" \/>\n\t<meta name=\"twitter:data1\" content=\"1 minut\" \/>\n<script type=\"application\/ld+json\" class=\"yoast-schema-graph\">{\"@context\":\"https:\\\/\\\/schema.org\",\"@graph\":[{\"@type\":\"WebPage\",\"@id\":\"https:\\\/\\\/aprobo.com\\\/miljo\\\/\",\"url\":\"https:\\\/\\\/aprobo.com\\\/miljo\\\/\",\"name\":\"Aprobo og milj\u00f8arbejde | Aprobo\",\"isPartOf\":{\"@id\":\"https:\\\/\\\/aprobo.com\\\/#website\"},\"datePublished\":\"2017-11-27T12:34:34+00:00\",\"dateModified\":\"2025-01-02T15:24:57+00:00\",\"description\":\"Aprobo er markedsleder inden for akustikl\u00f8sninger til gulve og gulvkonstruktioner. Kontakt os for mere information!\",\"breadcrumb\":{\"@id\":\"https:\\\/\\\/aprobo.com\\\/miljo\\\/#breadcrumb\"},\"inLanguage\":\"da-DK\",\"potentialAction\":[{\"@type\":\"ReadAction\",\"target\":[\"https:\\\/\\\/aprobo.com\\\/miljo\\\/\"]}]},{\"@type\":\"BreadcrumbList\",\"@id\":\"https:\\\/\\\/aprobo.com\\\/miljo\\\/#breadcrumb\",\"itemListElement\":[{\"@type\":\"ListItem\",\"position\":1,\"name\":\"Home\",\"item\":\"https:\\\/\\\/aprobo.com\\\/da\\\/\"},{\"@type\":\"ListItem\",\"position\":2,\"name\":\"Milj\u00f6\"}]},{\"@type\":\"WebSite\",\"@id\":\"https:\\\/\\\/aprobo.com\\\/#website\",\"url\":\"https:\\\/\\\/aprobo.com\\\/\",\"name\":\"Aprobo\",\"description\":\"High quality floors\",\"publisher\":{\"@id\":\"https:\\\/\\\/aprobo.com\\\/#organization\"},\"potentialAction\":[{\"@type\":\"SearchAction\",\"target\":{\"@type\":\"EntryPoint\",\"urlTemplate\":\"https:\\\/\\\/aprobo.com\\\/?s={search_term_string}\"},\"query-input\":{\"@type\":\"PropertyValueSpecification\",\"valueRequired\":true,\"valueName\":\"search_term_string\"}}],\"inLanguage\":\"da-DK\"},{\"@type\":\"Organization\",\"@id\":\"https:\\\/\\\/aprobo.com\\\/#organization\",\"name\":\"Aprobo AB\",\"url\":\"https:\\\/\\\/aprobo.com\\\/\",\"logo\":{\"@type\":\"ImageObject\",\"inLanguage\":\"da-DK\",\"@id\":\"https:\\\/\\\/aprobo.com\\\/#\\\/schema\\\/logo\\\/image\\\/\",\"url\":\"https:\\\/\\\/aprobo.com\\\/wp-content\\\/uploads\\\/2019\\\/08\\\/Aprobo-logotyp.png\",\"contentUrl\":\"https:\\\/\\\/aprobo.com\\\/wp-content\\\/uploads\\\/2019\\\/08\\\/Aprobo-logotyp.png\",\"width\":638,\"height\":300,\"caption\":\"Aprobo AB\"},\"image\":{\"@id\":\"https:\\\/\\\/aprobo.com\\\/#\\\/schema\\\/logo\\\/image\\\/\"},\"sameAs\":[\"https:\\\/\\\/www.facebook.com\\\/AproboAB\\\/\",\"https:\\\/\\\/instagram.com\\\/aproboab\\\/\",\"https:\\\/\\\/www.youtube.com\\\/channel\\\/UCPivgiorLapgzzQ2-8fsfig\"]}]}<\/script>\n<!-- \/ Yoast SEO plugin. -->","yoast_head_json":{"title":"Aprobo og milj\u00f8arbejde | Aprobo","description":"Aprobo er markedsleder inden for akustikl\u00f8sninger til gulve og gulvkonstruktioner. Kontakt os for mere information!","robots":{"index":"index","follow":"follow","max-snippet":"max-snippet:-1","max-image-preview":"max-image-preview:large","max-video-preview":"max-video-preview:-1"},"og_locale":"da_DK","og_type":"article","og_title":"Aprobo og milj\u00f8arbejde | Aprobo","og_description":"Aprobo er markedsleder inden for akustikl\u00f8sninger til gulve og gulvkonstruktioner. Kontakt os for mere information!","og_url":"https:\/\/aprobo.com\/miljo\/","og_site_name":"Aprobo","article_publisher":"https:\/\/www.facebook.com\/AproboAB\/","article_modified_time":"2025-01-02T15:24:57+00:00","twitter_card":"summary_large_image","twitter_misc":{"Estimeret l\u00e6setid":"1 minut"},"schema":{"@context":"https:\/\/schema.org","@graph":[{"@type":"WebPage","@id":"https:\/\/aprobo.com\/miljo\/","url":"https:\/\/aprobo.com\/miljo\/","name":"Aprobo og milj\u00f8arbejde | Aprobo","isPartOf":{"@id":"https:\/\/aprobo.com\/#website"},"datePublished":"2017-11-27T12:34:34+00:00","dateModified":"2025-01-02T15:24:57+00:00","description":"Aprobo er markedsleder inden for akustikl\u00f8sninger til gulve og gulvkonstruktioner. Kontakt os for mere information!","breadcrumb":{"@id":"https:\/\/aprobo.com\/miljo\/#breadcrumb"},"inLanguage":"da-DK","potentialAction":[{"@type":"ReadAction","target":["https:\/\/aprobo.com\/miljo\/"]}]},{"@type":"BreadcrumbList","@id":"https:\/\/aprobo.com\/miljo\/#breadcrumb","itemListElement":[{"@type":"ListItem","position":1,"name":"Home","item":"https:\/\/aprobo.com\/da\/"},{"@type":"ListItem","position":2,"name":"Milj\u00f6"}]},{"@type":"WebSite","@id":"https:\/\/aprobo.com\/#website","url":"https:\/\/aprobo.com\/","name":"Aprobo","description":"High quality floors","publisher":{"@id":"https:\/\/aprobo.com\/#organization"},"potentialAction":[{"@type":"SearchAction","target":{"@type":"EntryPoint","urlTemplate":"https:\/\/aprobo.com\/?s={search_term_string}"},"query-input":{"@type":"PropertyValueSpecification","valueRequired":true,"valueName":"search_term_string"}}],"inLanguage":"da-DK"},{"@type":"Organization","@id":"https:\/\/aprobo.com\/#organization","name":"Aprobo AB","url":"https:\/\/aprobo.com\/","logo":{"@type":"ImageObject","inLanguage":"da-DK","@id":"https:\/\/aprobo.com\/#\/schema\/logo\/image\/","url":"https:\/\/aprobo.com\/wp-content\/uploads\/2019\/08\/Aprobo-logotyp.png","contentUrl":"https:\/\/aprobo.com\/wp-content\/uploads\/2019\/08\/Aprobo-logotyp.png","width":638,"height":300,"caption":"Aprobo AB"},"image":{"@id":"https:\/\/aprobo.com\/#\/schema\/logo\/image\/"},"sameAs":["https:\/\/www.facebook.com\/AproboAB\/","https:\/\/instagram.com\/aproboab\/","https:\/\/www.youtube.com\/channel\/UCPivgiorLapgzzQ2-8fsfig"]}]}},"_links":{"self":[{"href":"https:\/\/aprobo.com\/da\/wp-json\/wp\/v2\/pages\/2970","targetHints":{"allow":["GET"]}}],"collection":[{"href":"https:\/\/aprobo.com\/da\/wp-json\/wp\/v2\/pages"}],"about":[{"href":"https:\/\/aprobo.com\/da\/wp-json\/wp\/v2\/types\/page"}],"author":[{"embeddable":true,"href":"https:\/\/aprobo.com\/da\/wp-json\/wp\/v2\/users\/1"}],"replies":[{"embeddable":true,"href":"https:\/\/aprobo.com\/da\/wp-json\/wp\/v2\/comments?post=2970"}],"version-history":[{"count":1,"href":"https:\/\/aprobo.com\/da\/wp-json\/wp\/v2\/pages\/2970\/revisions"}],"predecessor-version":[{"id":8076,"href":"https:\/\/aprobo.com\/da\/wp-json\/wp\/v2\/pages\/2970\/revisions\/8076"}],"wp:attachment":[{"href":"https:\/\/aprobo.com\/da\/wp-json\/wp\/v2\/media?parent=2970"}],"curies":[{"name":"wp","href":"https:\/\/api.w.org\/{rel}","templated":true}]}}